{"id":23,"date":"2024-03-20T11:07:35","date_gmt":"2024-03-20T11:07:35","guid":{"rendered":"http:\/\/hapvroonstalle.be\/?page_id=23"},"modified":"2026-02-21T20:42:28","modified_gmt":"2026-02-21T20:42:28","slug":"home","status":"publish","type":"page","link":"https:\/\/hapvroonstalle.be\/","title":{"rendered":"Home"},"content":{"rendered":"\n<p>Welkom in praktijk HAP Vroonstalle!<\/p>\n\n\n\n<h2>Nieuwe pati\u00ebnten<\/h2>\n\n\n\n<p><strong>Let op!!<\/strong> Er worden <strong>enkel nog<\/strong> pati\u00ebnten aanvaard met hun <strong>vaste huisarts en GMD<\/strong> (globaal medisch dossier) in de praktijk.<\/p>\n\n\n\n<p>Pati\u00ebnten die hun vaste huisarts in een andere praktijk willen behouden, worden vriendelijk verzocht daar of in de vervangende praktijk een afspraak te maken.<\/p>\n\n\n\n<p>Nieuwe pati\u00ebnten blijven welkom! Gelieve daarvoor een <strong>e-mail<\/strong> te sturen naar <strong>secretariaat [at] hapvroonstalle.be<\/strong>. Vermeld uw <strong>naam<\/strong>, <strong>voornaam<\/strong>, <strong>geboortedatum, adres, GSM-nummer <\/strong>en<strong> e-mailadres<\/strong>. Je ontvangt kort daarna de nodige gegevens om een afspraak te boeken voor een <strong>&#8216;Kennismaking of inschrijving&#8217;<\/strong>.<\/p>\n\n\n\n<p>Nieuwe aanvragen worden in de regel het eerstvolgende weekend behandeld. <\/p>\n\n\n\n<p>Geen verslavende medicatie of verlenging langdurige ziekte op eerste consult.<meta charset=\"utf-8\"><\/p>\n\n\n\n<div class=\"wp-block-buttons\">\n<div class=\"wp-block-button is-style-outline\"><a class=\"wp-block-button__link\" href=\"https:\/\/www.mtc-it4.be\/patient\/index.html#\/appointments\/day\/bjNkcWkyQmFRMkpDVTRFNndleFgzQUQyT3oyS2tJaWtBVWREeXlHODdYQmVTejRzckdHL1p6VHROYmhqeDAwQw==\" target=\"_blank\" rel=\"noreferrer noopener\">Maak hier een afspraak<\/a><\/div>\n<\/div>\n\n\n\n<p><\/p>\n","protected":false},"excerpt":{"rendered":"<p>Welkom in praktijk HAP Vroonstalle! Nieuwe pati\u00ebnten Let op!! Er worden enkel nog pati\u00ebnten aanvaard met hun vaste huisarts en GMD (globaal medisch dossier) in de praktijk. Pati\u00ebnten die hun vaste huisarts in een andere praktijk willen behouden, worden vriendelijk verzocht daar of in de vervangende praktijk een afspraak te maken. Nieuwe pati\u00ebnten blijven welkom! &hellip; <\/p>\n<p class=\"link-more\"><a href=\"https:\/\/hapvroonstalle.be\/\" class=\"more-link\">Continue reading<span class=\"screen-reader-text\"> &#8220;Home&#8221;<\/span><\/a><\/p>\n","protected":false},"author":1,"featured_media":181,"parent":0,"menu_order":0,"comment_status":"closed","ping_status":"closed","template":"","meta":[],"_links":{"self":[{"href":"https:\/\/hapvroonstalle.be\/index.php\/wp-json\/wp\/v2\/pages\/23"}],"collection":[{"href":"https:\/\/hapvroonstalle.be\/index.php\/wp-json\/wp\/v2\/pages"}],"about":[{"href":"https:\/\/hapvroonstalle.be\/index.php\/wp-json\/wp\/v2\/types\/page"}],"author":[{"embeddable":true,"href":"https:\/\/hapvroonstalle.be\/index.php\/wp-json\/wp\/v2\/users\/1"}],"replies":[{"embeddable":true,"href":"https:\/\/hapvroonstalle.be\/index.php\/wp-json\/wp\/v2\/comments?post=23"}],"version-history":[{"count":38,"href":"https:\/\/hapvroonstalle.be\/index.php\/wp-json\/wp\/v2\/pages\/23\/revisions"}],"predecessor-version":[{"id":390,"href":"https:\/\/hapvroonstalle.be\/index.php\/wp-json\/wp\/v2\/pages\/23\/revisions\/390"}],"wp:featuredmedia":[{"embeddable":true,"href":"https:\/\/hapvroonstalle.be\/index.php\/wp-json\/wp\/v2\/media\/181"}],"wp:attachment":[{"href":"https:\/\/hapvroonstalle.be\/index.php\/wp-json\/wp\/v2\/media?parent=23"}],"curies":[{"name":"wp","href":"https:\/\/api.w.org\/{rel}","templated":true}]}}