{"id":241,"date":"2024-05-09T21:02:54","date_gmt":"2024-05-09T21:02:54","guid":{"rendered":"https:\/\/hapvroonstalle.be\/?page_id=241"},"modified":"2026-01-11T18:19:37","modified_gmt":"2026-01-11T18:19:37","slug":"team","status":"publish","type":"page","link":"https:\/\/hapvroonstalle.be\/index.php\/team\/","title":{"rendered":"Team"},"content":{"rendered":"\n<h2>Dr. Wouters Johan<\/h2>\n\n\n\n<div class=\"wp-block-columns\">\n<div class=\"wp-block-column\" style=\"flex-basis:33.33%\">\n<figure class=\"wp-block-image size-large\" id=\"Dokter-Wouters-Johan\"><img loading=\"lazy\" width=\"657\" height=\"1024\" src=\"http:\/\/hapvroonstalle.be\/wp-content\/uploads\/2024\/05\/IMG_6463-scaled-e1715267655702-657x1024.jpeg\" alt=\"Dokter Wouters Johan\" class=\"wp-image-249\" title=\"Dokter Wouters Johan\" srcset=\"https:\/\/hapvroonstalle.be\/wp-content\/uploads\/2024\/05\/IMG_6463-scaled-e1715267655702-657x1024.jpeg 657w, https:\/\/hapvroonstalle.be\/wp-content\/uploads\/2024\/05\/IMG_6463-scaled-e1715267655702-192x300.jpeg 192w, https:\/\/hapvroonstalle.be\/wp-content\/uploads\/2024\/05\/IMG_6463-scaled-e1715267655702-768x1197.jpeg 768w, https:\/\/hapvroonstalle.be\/wp-content\/uploads\/2024\/05\/IMG_6463-scaled-e1715267655702.jpeg 870w\" sizes=\"(max-width: 657px) 100vw, 657px\" \/><\/figure>\n<\/div>\n\n\n\n<div class=\"wp-block-column\" style=\"flex-basis:66.66%\">\n<p>Dr. Wouters behaalde zijn diploma als huisarts aan de Universiteit Gent. De eerste jaren werkte hij als vervangarts in verschillende praktijken en als permanentie-arts op de wachtpost in Gent en Eeklo. In 2024 besliste hij om in Wondelgem een lokaal verankerde praktijk uit te bouwen met, op termijn, een brede eerstelijnszorg voor alle ingeschreven pati\u00ebnten. Als arts hecht hij grote waarde aan respectvolle en betrokken zorg.<\/p>\n<\/div>\n<\/div>\n\n\n\n<h2>Clerens Maud<\/h2>\n\n\n\n<div class=\"wp-block-columns\">\n<div class=\"wp-block-column\" style=\"flex-basis:33.33%\">\n<figure class=\"wp-block-image size-large\" id=\"Dokter-Wouters-Johan\"><img loading=\"lazy\" width=\"654\" height=\"1024\" src=\"http:\/\/hapvroonstalle.be\/wp-content\/uploads\/2026\/01\/1000017670-1-scaled-e1768154626735-654x1024.jpg\" alt=\"Clerens Maud\" class=\"wp-image-382\" title=\"Dokter Wouters Johan\" srcset=\"https:\/\/hapvroonstalle.be\/wp-content\/uploads\/2026\/01\/1000017670-1-scaled-e1768154626735-654x1024.jpg 654w, https:\/\/hapvroonstalle.be\/wp-content\/uploads\/2026\/01\/1000017670-1-scaled-e1768154626735-192x300.jpg 192w, https:\/\/hapvroonstalle.be\/wp-content\/uploads\/2026\/01\/1000017670-1-scaled-e1768154626735.jpg 748w\" sizes=\"(max-width: 654px) 100vw, 654px\" \/><\/figure>\n<\/div>\n\n\n\n<div class=\"wp-block-column\" style=\"flex-basis:66.66%\">\n<p>Maud is een zelfstandig thuisverpleegkundige met een grote betrokkenheid bij haar pati\u00ebnten. In de praktijk kan je bij haar terecht voor onder andere bloedafnames, vaccinaties, wondzorg en ECG\u2019s. Dankzij haar ondersteuning kunnen wij blijven inzetten op een vlotte en effici\u00ebnte opvolging van onze pati\u00ebnten. Met haar pati\u00ebntgerichte aanpak en oog voor detail draagt Maud actief bij aan een kwalitatieve, warme en betrouwbare zorgverlening.<\/p>\n<\/div>\n<\/div>\n\n\n\n<p><\/p>\n","protected":false},"excerpt":{"rendered":"<p>Dr. Wouters Johan Dr. Wouters behaalde zijn diploma als huisarts aan de Universiteit Gent. De eerste jaren werkte hij als vervangarts in verschillende praktijken en als permanentie-arts op de wachtpost in Gent en Eeklo. In 2024 besliste hij om in Wondelgem een lokaal verankerde praktijk uit te bouwen met, op termijn, een brede eerstelijnszorg voor &hellip; <\/p>\n<p class=\"link-more\"><a href=\"https:\/\/hapvroonstalle.be\/index.php\/team\/\" class=\"more-link\">Continue reading<span class=\"screen-reader-text\"> &#8220;Team&#8221;<\/span><\/a><\/p>\n","protected":false},"author":1,"featured_media":0,"parent":0,"menu_order":0,"comment_status":"closed","ping_status":"closed","template":"","meta":[],"_links":{"self":[{"href":"https:\/\/hapvroonstalle.be\/index.php\/wp-json\/wp\/v2\/pages\/241"}],"collection":[{"href":"https:\/\/hapvroonstalle.be\/index.php\/wp-json\/wp\/v2\/pages"}],"about":[{"href":"https:\/\/hapvroonstalle.be\/index.php\/wp-json\/wp\/v2\/types\/page"}],"author":[{"embeddable":true,"href":"https:\/\/hapvroonstalle.be\/index.php\/wp-json\/wp\/v2\/users\/1"}],"replies":[{"embeddable":true,"href":"https:\/\/hapvroonstalle.be\/index.php\/wp-json\/wp\/v2\/comments?post=241"}],"version-history":[{"count":14,"href":"https:\/\/hapvroonstalle.be\/index.php\/wp-json\/wp\/v2\/pages\/241\/revisions"}],"predecessor-version":[{"id":388,"href":"https:\/\/hapvroonstalle.be\/index.php\/wp-json\/wp\/v2\/pages\/241\/revisions\/388"}],"wp:attachment":[{"href":"https:\/\/hapvroonstalle.be\/index.php\/wp-json\/wp\/v2\/media?parent=241"}],"curies":[{"name":"wp","href":"https:\/\/api.w.org\/{rel}","templated":true}]}}