{"id":59,"date":"2024-03-20T11:26:30","date_gmt":"2024-03-20T11:26:30","guid":{"rendered":"http:\/\/hapvroonstalle.be\/?page_id=59"},"modified":"2025-05-30T22:10:41","modified_gmt":"2025-05-30T22:10:41","slug":"raadplegingen","status":"publish","type":"page","link":"https:\/\/hapvroonstalle.be\/index.php\/raadplegingen\/","title":{"rendered":"Raadplegingen"},"content":{"rendered":"\n<ul><li>We werken <strong>enkel op afspraak<\/strong>. Afspraken worden bij voorkeur <strong>online<\/strong> gemaakt. <a href=\"https:\/\/www.mtc-it4.be\/patient\/index.html#\/appointments\/day\/bjNkcWkyQmFRMkpDVTRFNndleFgzQUQyT3oyS2tJaWtBVWREeXlHODdYQmVTejRzckdHL1p6VHROYmhqeDAwQw==\" target=\"_blank\" rel=\"noreferrer noopener\">Maak hier een afspraak<\/a>.<\/li><li>Alle beschikbare momenten voor een consultatie zijn online beschikbaar.<\/li><li>Voor acute medische problemen komen er de dag zelf steeds plaatsen vrij.<\/li><li>Breng steeds uw <strong>identiteitskaart, ISI+ kaart <\/strong>of<strong> Kids ID<\/strong> mee.<\/li><li>Indien verhinderd, gelieve <strong>tijdig<\/strong> (24u vooraf) de afspraak te <strong>annuleren<\/strong>.<\/li><li>Bekijk zeker het werkingsgebied van de praktijk.<\/li><li>Verslavende medicatie wordt nooit voorgeschreven in een eerste consult of bij pati\u00ebnten zonder Globaal Medisch Dossier (GMD) in de praktijk.<\/li><li>Verlenging van attesten voor langdurige arbeidsongeschiktheid zijn niet mogelijk in een eerste consult of bij pati\u00ebnten zonder Globaal Medisch Dossier (GMD) in de praktijk.<\/li><\/ul>\n\n\n\n<h2><meta charset=\"utf-8\">Huisbezoeken<\/h2>\n\n\n\n<p><meta charset=\"utf-8\">Huisbezoeken kan je telefonisch aanvragen v\u00f2\u00f2r 10u en zijn uitsluitend voorbehouden voor <strong>bedlegerige pati\u00ebnten<\/strong> of pati\u00ebnten die zich <strong>zonder hulp niet kunnen verplaatsen<\/strong> naar de praktijk.<\/p>\n\n\n\n<p>Huisbezoeken zijn enkel mogelijk voor pati\u00ebnten met hun GMD (Globaal Medische Dossier) in de praktijk die wonen binnen het werkingsgebied.<\/p>\n","protected":false},"excerpt":{"rendered":"<p>We werken enkel op afspraak. Afspraken worden bij voorkeur online gemaakt. Maak hier een afspraak. Alle beschikbare momenten voor een consultatie zijn online beschikbaar. Voor acute medische problemen komen er de dag zelf steeds plaatsen vrij. Breng steeds uw identiteitskaart, ISI+ kaart of Kids ID mee. Indien verhinderd, gelieve tijdig (24u vooraf) de afspraak te &hellip; <\/p>\n<p class=\"link-more\"><a href=\"https:\/\/hapvroonstalle.be\/index.php\/raadplegingen\/\" class=\"more-link\">Continue reading<span class=\"screen-reader-text\"> &#8220;Raadplegingen&#8221;<\/span><\/a><\/p>\n","protected":false},"author":1,"featured_media":269,"parent":0,"menu_order":0,"comment_status":"closed","ping_status":"closed","template":"","meta":[],"_links":{"self":[{"href":"https:\/\/hapvroonstalle.be\/index.php\/wp-json\/wp\/v2\/pages\/59"}],"collection":[{"href":"https:\/\/hapvroonstalle.be\/index.php\/wp-json\/wp\/v2\/pages"}],"about":[{"href":"https:\/\/hapvroonstalle.be\/index.php\/wp-json\/wp\/v2\/types\/page"}],"author":[{"embeddable":true,"href":"https:\/\/hapvroonstalle.be\/index.php\/wp-json\/wp\/v2\/users\/1"}],"replies":[{"embeddable":true,"href":"https:\/\/hapvroonstalle.be\/index.php\/wp-json\/wp\/v2\/comments?post=59"}],"version-history":[{"count":6,"href":"https:\/\/hapvroonstalle.be\/index.php\/wp-json\/wp\/v2\/pages\/59\/revisions"}],"predecessor-version":[{"id":343,"href":"https:\/\/hapvroonstalle.be\/index.php\/wp-json\/wp\/v2\/pages\/59\/revisions\/343"}],"wp:featuredmedia":[{"embeddable":true,"href":"https:\/\/hapvroonstalle.be\/index.php\/wp-json\/wp\/v2\/media\/269"}],"wp:attachment":[{"href":"https:\/\/hapvroonstalle.be\/index.php\/wp-json\/wp\/v2\/media?parent=59"}],"curies":[{"name":"wp","href":"https:\/\/api.w.org\/{rel}","templated":true}]}}